{"id":1470,"date":"2018-06-15T11:56:39","date_gmt":"2018-06-15T11:56:39","guid":{"rendered":"https:\/\/hedllaw.com\/?page_id=1470"},"modified":"2026-03-01T17:36:39","modified_gmt":"2026-03-01T16:36:39","slug":"adresse-und-kontaktdaten","status":"publish","type":"page","link":"https:\/\/hedllaw.com\/de\/adresse-und-kontaktdaten\/","title":{"rendered":"Adresse und Kontaktdaten"},"content":{"rendered":"<div id=\"pl-1470\"  class=\"panel-layout\" ><div id=\"pg-1470-0\"  class=\"panel-grid panel-has-style\" ><div class=\"siteorigin-panels-stretch panel-row-style panel-row-style-for-1470-0\" style=\"background-image: url(https:\/\/hedllaw.com\/wp-content\/uploads\/2018\/04\/communication-2837362_1920.jpg);padding: 100px 0; \" data-stretch-type=\"full-width-stretch\" data-hasbg=\"hasbg\" data-overlay=\"true\" data-overlay-color=\"#000000\" ><div id=\"pgc-1470-0-0\"  class=\"panel-grid-cell\" ><div id=\"panel-1470-0-0-0\" class=\"so-panel widget widget_sydney_contact_info sydney_contact_info_widget panel-first-child panel-last-child\" data-index=\"0\" ><div style=\"text-align: left;\" data-title-color=\"#ebc876\" data-headings-color=\"#ebc876\" class=\"panel-widget-style panel-widget-style-for-1470-0-0-0\" ><h2 class=\"widget-title\">Adresse und Kontaktdaten<\/h2><div class=\"contact-address\"><span><i class=\"sydney-svg-icon\"><svg xmlns=\"http:\/\/www.w3.org\/2000\/svg\" viewBox=\"0 0 576 512\"><path d=\"M280.37 148.26L96 300.11V464a16 16 0 0 0 16 16l112.06-.29a16 16 0 0 0 15.92-16V368a16 16 0 0 1 16-16h64a16 16 0 0 1 16 16v95.64a16 16 0 0 0 16 16.05L464 480a16 16 0 0 0 16-16V300L295.67 148.26a12.19 12.19 0 0 0-15.3 0zM571.6 251.47L488 182.56V44.05a12 12 0 0 0-12-12h-56a12 12 0 0 0-12 12v72.61L318.47 43a48 48 0 0 0-61 0L4.34 251.47a12 12 0 0 0-1.6 16.9l25.5 31A12 12 0 0 0 45.15 301l235.22-193.74a12.19 12.19 0 0 1 15.3 0L530.9 301a12 12 0 0 0 16.9-1.6l25.5-31a12 12 0 0 0-1.7-16.93z\" \/><\/svg><\/i><\/span>\u017deljezni\u010darska 1, 21000 Split, Kroatien<\/div><div class=\"contact-phone\"><span><i class=\"sydney-svg-icon\"><svg xmlns=\"http:\/\/www.w3.org\/2000\/svg\" viewBox=\"0 0 512 512\"><path d=\"M497.39 361.8l-112-48a24 24 0 0 0-28 6.9l-49.6 60.6A370.66 370.66 0 0 1 130.6 204.11l60.6-49.6a23.94 23.94 0 0 0 6.9-28l-48-112A24.16 24.16 0 0 0 122.6.61l-104 24A24 24 0 0 0 0 48c0 256.5 207.9 464 464 464a24 24 0 0 0 23.4-18.6l24-104a24.29 24.29 0 0 0-14.01-27.6z\" \/><\/svg><\/i><\/span> T\/F: +385 21 413 321 <\/div><div class=\"contact-email\"><span><i class=\"sydney-svg-icon\"><svg xmlns=\"http:\/\/www.w3.org\/2000\/svg\" viewBox=\"0 0 512 512\"><path d=\"M502.3 190.8c3.9-3.1 9.7-.2 9.7 4.7V400c0 26.5-21.5 48-48 48H48c-26.5 0-48-21.5-48-48V195.6c0-5 5.7-7.8 9.7-4.7 22.4 17.4 52.1 39.5 154.1 113.6 21.1 15.4 56.7 47.8 92.2 47.6 35.7.3 72-32.8 92.3-47.6 102-74.1 131.6-96.3 154-113.7zM256 320c23.2.4 56.6-29.2 73.4-41.4 132.7-96.3 142.8-104.7 173.4-128.7 5.8-4.5 9.2-11.5 9.2-18.9v-19c0-26.5-21.5-48-48-48H48C21.5 64 0 85.5 0 112v19c0 7.4 3.4 14.3 9.2 18.9 30.6 23.9 40.7 32.4 173.4 128.7 16.8 12.2 50.2 41.8 73.4 41.4z\" \/><\/svg><\/i><\/span><a href=\"mailto:&#104;&#101;&#108;ena&#46;&#100;l&#97;k&#97;&#64;hedlla&#119;.c&#111;m\">&#104;&#101;&#108;ena&#46;&#100;l&#97;k&#97;&#64;hedlla&#119;.c&#111;m<\/a><\/div><\/div><\/div><\/div><div id=\"pgc-1470-0-1\"  class=\"panel-grid-cell\" ><div id=\"panel-1470-0-1-0\" class=\"so-panel widget widget_sow-google-map panel-first-child panel-last-child\" data-index=\"1\" ><div style=\"text-align: right;\" data-title-color=\"#443f3f\" data-headings-color=\"#443f3f\" class=\"panel-widget-style panel-widget-style-for-1470-0-1-0\" ><div\n\t\t\t\n\t\t\tclass=\"so-widget-sow-google-map so-widget-sow-google-map-default-6b23895f316e-1470\"\n\t\t\t\n\t\t>\n<div class=\"sow-google-map-canvas\"\n\tstyle=\"\"\n\tid=\"map-canvas-e5db00449d943f88c614dc1b729c869c\"\n\tdata-options=\"{&quot;address&quot;:&quot;43.52529528281514, 16.482324942449956&quot;,&quot;zoom&quot;:14,&quot;mobileZoom&quot;:14,&quot;gestureHandling&quot;:&quot;greedy&quot;,&quot;disableUi&quot;:&quot;&quot;,&quot;markerIcon&quot;:false,&quot;markersDraggable&quot;:false,&quot;markerAtCenter&quot;:true,&quot;markerInfoDisplay&quot;:&quot;click&quot;,&quot;markerInfoMultiple&quot;:true,&quot;markerPositions&quot;:false,&quot;mapName&quot;:false,&quot;mapStyles&quot;:false,&quot;directions&quot;:&quot;&quot;,&quot;apiKey&quot;:&quot;AIzaSyAK11ccvdtOZnIUSJUZIaPxn7mYM05JMc4&quot;,&quot;breakpoint&quot;:780,&quot;id&quot;:&quot;69ea34&quot;}\"\n\tdata-fallback-image=\"{&quot;img&quot;:&quot;&quot;}\"><\/div>\n<\/div><\/div><\/div><\/div><div id=\"pgc-1470-0-2\"  class=\"panel-grid-cell\" ><div id=\"panel-1470-0-2-0\" class=\"so-panel widget widget_sow-editor panel-first-child panel-last-child\" data-index=\"2\" ><div style=\"text-align: left;\" data-title-color=\"#ebc876\" data-headings-color=\"#ebc876\" class=\"panel-widget-style panel-widget-style-for-1470-0-2-0\" ><div\n\t\t\t\n\t\t\tclass=\"so-widget-sow-editor so-widget-sow-editor-base\"\n\t\t\t\n\t\t><h2 class=\"widget-title\">ANLEITUNGEN<\/h2>\n<div class=\"siteorigin-widget-tinymce textwidget\">\n\t<p><span style=\"color: #ffffff;\">Mittels der angef\u00fchrten Kontaktdaten des Rechtsanwaltsb\u00fcros k\u00f6nnen Sie einen Termin in unserem B\u00fcro in Split, Kroatien, an der Adresse \u017deljezni\u010darska 1, vereinbaren.<\/span><\/p>\n<p><span style=\"color: #ffffff;\">Das B\u00fcro ist offen von Montag bis Freitag und die Sprechstunden f\u00fcr Klienten richten sich ausschlie\u00dflich nach vorheriger Vereinbarung.<\/span><\/p>\n<p><span style=\"color: #ffffff;\">Sie k\u00f6nnen mit dem Rechtsanwaltsb\u00fcro von Helena Dlaka m\u00fcndlich oder schriftlich kontaktieren, in der kroatischen oder englischen Sprache.<\/span><\/p>\n<\/div>\n<\/div><\/div><\/div><\/div><\/div><\/div><div id=\"pg-1470-1\"  class=\"panel-grid panel-has-style\" ><div class=\"siteorigin-panels-stretch panel-row-style panel-row-style-for-1470-1\" style=\"background-image: url(https:\/\/hedllaw.com\/wp-content\/uploads\/2018\/04\/sea-1993791_1920.jpg);padding: 100px 0; \" data-stretch-type=\"full-width-stretch\" data-hasbg=\"hasbg\" data-overlay=\"true\" data-overlay-color=\"#000000\" ><div id=\"pgc-1470-1-0\"  class=\"panel-grid-cell\" ><div id=\"panel-1470-1-0-0\" class=\"so-panel widget widget_sow-editor panel-first-child panel-last-child\" data-index=\"3\" ><div style=\"text-align: left;\" data-title-color=\"#ebc876\" data-headings-color=\"#ebc876\" class=\"panel-widget-style panel-widget-style-for-1470-1-0-0\" ><div\n\t\t\t\n\t\t\tclass=\"so-widget-sow-editor so-widget-sow-editor-base\"\n\t\t\t\n\t\t><h2 class=\"widget-title\">RECHTLICHE ANMERKUNG<\/h2>\n<div class=\"siteorigin-widget-tinymce textwidget\">\n\t<p><span style=\"color: #ffffff;\">Bei Zugriff auf die Webseite des Rechtsanwaltsb\u00fcros von Helena Dlaka best\u00e4tigen Sie, dass Sie mit dieser rechtlichen Anmerkung bekanntgemacht und mit den Nutzungsbedingungen dieser Seite einverstanden sind. Im Gegenfall bitten wir Sie, diese Seite gleich zu verlassen.<\/span><\/p>\n<p><span style=\"color: #ffffff;\">Der Inhalt der Webseite des Rechtsanwaltsb\u00fcros von Helena Dlaka dient ausschlie\u00dflich als Information und kann nicht als Rechtsberatung, Erbringung von anwaltlichen Dienstleistungen oder Angebot zu solchen Leistungen verstanden werden.<\/span><\/p>\n<p><span style=\"color: #ffffff;\">Das Rechtsanwaltsb\u00fcro von Helena Dlaka ist nicht verantwortlich und schlie\u00dft jede Verantwortlichkeit aus f\u00fcr eventuelle Schaden oder sonstige Folgen der Benutzung von an dieser Webseite ver\u00f6ffentlichten Informationen.<\/span><\/p>\n<p><span style=\"color: #ffffff;\">Der Inhalt unserer Webseite und Ihre Kommunikation mit dem Rechtsanwaltsb\u00fcro von Helena Dlaka mittels unserer Kontaktdaten und unseres online Formulars bedeutet keine Gr\u00fcndung des Verh\u00e4ltnisses Rechtsanwalt \u2013 Klient bzw. eines gesch\u00e4ftlichen oder professionellen Verh\u00e4ltnisses.<\/span><\/p>\n<p><span style=\"color: #ffffff;\">Wir bitten Sie, uns mittels online Kontaktformular oder E-Mail keine vertraulichen Informationen zu schicken, da wir ihr Schutz nicht gew\u00e4hrleisten k\u00f6nnen. Vor der Gr\u00fcndung des Verh\u00e4ltnisses Rechtsanwalt \u2013 Klient ist es n\u00f6tig, die \u00dcberpr\u00fcfung durchzuf\u00fchren, um eventuelle Interessenkonflikte zu vermeiden. Wenn Sie uns eine Nachricht mittels Kontaktformular oder E-Mail schicken, sind Sie damit einverstanden, dass wir die von Ihnen geschickten Daten lesen, \u00fcberpr\u00fcfen und nutzen werden. Die von Ihnen mittels unseres Kontaktformulars, E-Mail oder Post \u00fcbermittelten pers\u00f6nlichen Daten, wie z.B. Name, Postadresse, E-Mail Adresse, IP-Adresse, Telefonnummer, pers\u00f6nliche Nachrichten u. \u00c4., werden wir speichern und f\u00fcr die Kommunikation mit Ihnen, d.h. beim Beantworten auf Ihre Anfrage mittels Ihre Kontaktdaten benutzen. Ihre Nachricht und sonstige Daten sowie unsere Antwort werden nicht ver\u00f6ffentlicht werden.<\/span><\/p>\n<p><span style=\"color: #ffffff;\">Die Webseite des Rechtsanwaltsb\u00fcros verwendet <em>Google Analytics Cookies<\/em>, um die Qualit\u00e4t der Benutzung dieser Seite zu verbessern. Da diese Seite auf dem Server gespeichert ist, welcher <em>Cookies<\/em> benutzt, gibt es auch solche <em>Cookies<\/em>, die nicht mit unseren Datenschutzregeln umfasst sind, sondern mit den Regeln des Servers. Aus diesem Grunde bitten wir Sie, f\u00fcr solche F\u00e4lle direkt mit dem Server Kontakt aufzunehmen.<\/span><\/p>\n<\/div>\n<\/div><\/div><\/div><\/div><\/div><\/div><\/div>","protected":false},"excerpt":{"rendered":"<p>Mittels der angef\u00fchrten Kontaktdaten des Rechtsanwaltsb\u00fcros k\u00f6nnen Sie einen Termin in unserem B\u00fcro in Split, Kroatien, an der Adresse \u017deljezni\u010darska 1, vereinbaren. [&hellip;]<\/p>\n","protected":false},"author":2,"featured_media":0,"parent":0,"menu_order":4,"comment_status":"closed","ping_status":"closed","template":"","meta":{"footnotes":""},"class_list":["post-1470","page","type-page","status-publish","placeholder-for-hentry"],"_links":{"self":[{"href":"https:\/\/hedllaw.com\/de\/wp-json\/wp\/v2\/pages\/1470","targetHints":{"allow":["GET"]}}],"collection":[{"href":"https:\/\/hedllaw.com\/de\/wp-json\/wp\/v2\/pages"}],"about":[{"href":"https:\/\/hedllaw.com\/de\/wp-json\/wp\/v2\/types\/page"}],"author":[{"embeddable":true,"href":"https:\/\/hedllaw.com\/de\/wp-json\/wp\/v2\/users\/2"}],"replies":[{"embeddable":true,"href":"https:\/\/hedllaw.com\/de\/wp-json\/wp\/v2\/comments?post=1470"}],"version-history":[{"count":29,"href":"https:\/\/hedllaw.com\/de\/wp-json\/wp\/v2\/pages\/1470\/revisions"}],"predecessor-version":[{"id":2485,"href":"https:\/\/hedllaw.com\/de\/wp-json\/wp\/v2\/pages\/1470\/revisions\/2485"}],"wp:attachment":[{"href":"https:\/\/hedllaw.com\/de\/wp-json\/wp\/v2\/media?parent=1470"}],"curies":[{"name":"wp","href":"https:\/\/api.w.org\/{rel}","templated":true}]}}