{"id":1454,"date":"2018-06-15T11:50:56","date_gmt":"2018-06-15T11:50:56","guid":{"rendered":"https:\/\/hedllaw.com\/?page_id=1454"},"modified":"2025-06-11T14:54:43","modified_gmt":"2025-06-11T14:54:43","slug":"taetigkeitsbereiche","status":"publish","type":"page","link":"https:\/\/hedllaw.com\/de\/taetigkeitsbereiche\/","title":{"rendered":"T\u00e4tigkeitsbereiche"},"content":{"rendered":"<div id=\"pl-1454\"  class=\"panel-layout\" ><div id=\"pg-1454-0\"  class=\"panel-grid panel-has-style\" ><div class=\"siteorigin-panels-stretch panel-row-style panel-row-style-for-1454-0\" style=\"background-image: url(https:\/\/hedllaw.com\/wp-content\/uploads\/2018\/04\/feather-3237961_1920-1.jpg);padding: 100px 0; \" data-stretch-type=\"full-width-stretch\" data-hasbg=\"hasbg\" data-overlay=\"true\" data-overlay-color=\"#000000\" ><div id=\"pgc-1454-0-0\"  class=\"panel-grid-cell\" ><div id=\"panel-1454-0-0-0\" class=\"so-panel widget widget_sow-features panel-first-child panel-last-child\" data-index=\"0\" ><div style=\"text-align: left;\" data-title-color=\"#ebc876\" data-headings-color=\"#ebc876\" class=\"panel-widget-style panel-widget-style-for-1454-0-0-0\" ><div\n\t\t\t\n\t\t\tclass=\"so-widget-sow-features so-widget-sow-features-default-9ed74c68b979-1454\"\n\t\t\t\n\t\t><ul\n\tclass=\"sow-features-list\n\tsow-features-responsive\">\n\n\t\t\t<li\n\t\t\tclass=\"sow-features-feature sow-icon-container-position-top\"\n\t\t\tstyle=\"display: flex; flex-direction: column; width: calc(100% - 25px);\"\n\t\t>\n\t\t\t\n\t\t\t\t\t\t<div\t\t\t\tclass=\"sow-icon-container sow-container-round\"\n\t\t\t\tstyle=\"color: #ddc387; \"\n\t\t\t\t\n\t\t\t\t\t\t\t>\n\t\t\t\t<span class=\"sow-icon-fontawesome sow-fas\" data-sow-icon=\"&#xf015;\"\n\t\tstyle=\"font-size: 24px; color: #d65050\" \n\t\taria-hidden=\"true\"><\/span>\t\t\t<\/div>\n\n\t\t\t<div class=\"textwidget\">\n\t\t\t\t\n\t\t\t\t\t\t\t\t\t<h5 class=\"sow-features-feature-title\">\n\t\t\t\t\t\tSachenrecht und Grundbuchsrecht\t\t\t\t\t<\/h5>\n\t\t\t\t\n\t\t\t\t\t\t\t\t\t<div class=\"sow-features-feature-text\">\n\t\t\t\t\t<ul>\n<li style=\"text-align: left\">\u00dcberpr\u00fcfungen im Kataster, in Grundb\u00fcchern, Schiffsregistern und sonstigen \u00f6ffentlichen Urkunden; <em>Due Diligence<\/em> Analysen von Liegenschaften, Rechtsberatung und Rechtsbeistand beim Ankauf, Verkauf und Investitionen in Liegenschaften und Investitionsprojekten; Aufsetzung von Vorvertr\u00e4gen, Vertr\u00e4gen, Erkl\u00e4rungen und sonstigen Unterlagen; Regelung von ungeregelten Zust\u00e4nden in Bezug auf Liegenschaften in Grundb\u00fcchern; Einleitung von und Vertretung in diesbez\u00fcglichen Rechtsverfahren.<\/li>\n<\/ul>\n\t\t\t\t\t<\/div>\n\t\t\t\t\t\t\t\t<\/div>\n\t\t\t\t\t\t\t\t<\/li>\n\n\t\t\t<li\n\t\t\tclass=\"sow-features-feature sow-icon-container-position-top\"\n\t\t\tstyle=\"display: flex; flex-direction: column; width: calc(100% - 25px);\"\n\t\t>\n\t\t\t\n\t\t\t\t\t\t<div\t\t\t\tclass=\"sow-icon-container sow-container-round\"\n\t\t\t\tstyle=\"color: #ddc387; \"\n\t\t\t\t\n\t\t\t\t\t\t\t>\n\t\t\t\t<span class=\"sow-icon-fontawesome sow-far\" data-sow-icon=\"&#xf057;\"\n\t\tstyle=\"font-size: 24px; color: #d65050\" \n\t\taria-hidden=\"true\"><\/span>\t\t\t<\/div>\n\n\t\t\t<div class=\"textwidget\">\n\t\t\t\t\n\t\t\t\t\t\t\t\t\t<h5 class=\"sow-features-feature-title\">\n\t\t\t\t\t\tSchuldrecht\t\t\t\t\t<\/h5>\n\t\t\t\t\n\t\t\t\t\t\t\t\t\t<div class=\"sow-features-feature-text\">\n\t\t\t\t\t<ul>\n<li style=\"text-align: left\">Aufsetzung verschiedenartiger Vertr\u00e4ge; Vertretung bei Verhandlungen; Rechtsberatung und Rechtsbeistand; Aufsetzung von Anforderungen und Klagen; Vertretung in friedlichen und gerichtlichen Rechtsverfahren zum Zweck von Schadenersatz und in anderen Verfahren aus diesem Rechtsgebiet.<\/li>\n<\/ul>\n\t\t\t\t\t<\/div>\n\t\t\t\t\t\t\t\t<\/div>\n\t\t\t\t\t\t\t\t<\/li>\n\n\t\t\t<li\n\t\t\tclass=\"sow-features-feature sow-icon-container-position-top\"\n\t\t\tstyle=\"display: flex; flex-direction: column; width: calc(100% - 25px);\"\n\t\t>\n\t\t\t\n\t\t\t\t\t\t<div\t\t\t\tclass=\"sow-icon-container sow-container-round\"\n\t\t\t\tstyle=\"color: #ddc387; \"\n\t\t\t\t\n\t\t\t\t\t\t\t>\n\t\t\t\t<span class=\"sow-icon-fontawesome sow-fas\" data-sow-icon=\"&#xf02a;\"\n\t\tstyle=\"font-size: 24px; color: #d65050\" \n\t\taria-hidden=\"true\"><\/span>\t\t\t<\/div>\n\n\t\t\t<div class=\"textwidget\">\n\t\t\t\t\n\t\t\t\t\t\t\t\t\t<h5 class=\"sow-features-feature-title\">\n\t\t\t\t\t\tHandelsrecht und Gesellschaftsrecht\t\t\t\t\t<\/h5>\n\t\t\t\t\n\t\t\t\t\t\t\t\t\t<div class=\"sow-features-feature-text\">\n\t\t\t\t\t<ul>\n<li style=\"text-align: left\">Aufsetzung von Handelsvertr\u00e4gen; Rechtsberatung, Beistand und Vertretung bei Verhandlungen in Verbindung mit Handelsvertr\u00e4gen; Rechtsberatung und Vorbereitung von Dokumentation zum Zweck der Gr\u00fcndung von Handelsgesellschaften und bei Status\u00e4nderungen von Handelsgesellschaften; Beistand beim Organisieren von Generalversammlungen; <em>Due Diligence<\/em> bei Handelsgesellschaften vom rechtlichen Standpunkt; M&amp;A Transaktionen; Rechtsberatung und anwaltliche Dienstleistungen bei inl\u00e4ndischen und multinationalen gemeinsamen Unternehmen (<em>Joint Ventures<\/em>) sowie bei Liquidationsverfahren, Konkursen und antizipierten Konkursen; Aufsetzung von Konfessionsvertr\u00e4gen, Untervertr\u00e4gen und Vertr\u00e4gen \u00fcber Unterkonzessionen; Einleitung von und Vertretung in Handelsrechtsstreitigkeiten.<\/li>\n<\/ul>\n\t\t\t\t\t<\/div>\n\t\t\t\t\t\t\t\t<\/div>\n\t\t\t\t\t\t\t\t<\/li>\n\n\t\t\t<li\n\t\t\tclass=\"sow-features-feature sow-icon-container-position-top\"\n\t\t\tstyle=\"display: flex; flex-direction: column; width: calc(100% - 25px);\"\n\t\t>\n\t\t\t\n\t\t\t\t\t\t<div\t\t\t\tclass=\"sow-icon-container sow-container-round\"\n\t\t\t\tstyle=\"color: #ddc387; \"\n\t\t\t\t\n\t\t\t\t\t\t\t>\n\t\t\t\t<span class=\"sow-icon-fontawesome sow-fas\" data-sow-icon=\"&#xf007;\"\n\t\tstyle=\"font-size: 24px; color: #d65050\" \n\t\taria-hidden=\"true\"><\/span>\t\t\t<\/div>\n\n\t\t\t<div class=\"textwidget\">\n\t\t\t\t\n\t\t\t\t\t\t\t\t\t<h5 class=\"sow-features-feature-title\">\n\t\t\t\t\t\tArbeitsrecht\t\t\t\t\t<\/h5>\n\t\t\t\t\n\t\t\t\t\t\t\t\t\t<div class=\"sow-features-feature-text\">\n\t\t\t\t\t<ul>\n<li style=\"text-align: left\">Aufsetzung von Arbeitsvertr\u00e4gen, Vertr\u00e4gen f\u00fcr Gesch\u00e4ftsf\u00fchrer, Arbeitsvertr\u00e4gen f\u00fcr dauerhafte Saisonarbeiten, f\u00fcr Seeleute und Arbeiter an Fischerbooten am See, f\u00fcr Arbeiter im Ausland, f\u00fcr Gesch\u00e4ftsgeheimnisse und sonstigen Vertr\u00e4gen im Gebiet des Arbeitsrechts; Fachberatung von Arbeitgebern und Angestellten \u00fcber ihre Rechte und Verpflichtungen aus Arbeitsverh\u00e4ltnissen; K\u00fcndigung von Arbeitsvertr\u00e4gen; Aufsetzung von Unterlagen f\u00fcr die Umstellung von Angestellten und \u00dcbertragung von Vertr\u00e4gen; Aufsetzung von allgemeinen Akten f\u00fcr Arbeitgeber, insbesondere in Bezug auf Gesch\u00e4ftsordnungen, Gesch\u00e4ftsgeheimnisse, Organisation und Systematisieren von Arbeitspl\u00e4tzen und zus\u00e4tzliche Beschl\u00fcsse; Aufsetzung von Pl\u00e4nen, Beschl\u00fcssen, Aussagen und Vertr\u00e4gen in Verbindung mit revidierter Arbeitszeit; Vertretung bei Verhandlungen (mit Arbeitgebern, Angestellten, Syndikaten, Staatsbeh\u00f6rden); Einleitung von und Vertretung in Rechtsverfahren (Schutz von verletzten Rechten vor dem Arbeitgeber und dem Gericht, Schutz im Fall von <em>Mobbing<\/em>, Einzug von Forderungen aus Arbeitsverh\u00e4ltnissen, Arbeitsschutz, Schadenersatz bei Verletzungen am Arbeitsplatz).<\/li>\n<\/ul>\n\t\t\t\t\t<\/div>\n\t\t\t\t\t\t\t\t<\/div>\n\t\t\t\t\t\t\t\t<\/li>\n\n\t\t\t<li\n\t\t\tclass=\"sow-features-feature sow-icon-container-position-top\"\n\t\t\tstyle=\"display: flex; flex-direction: column; width: calc(100% - 25px);\"\n\t\t>\n\t\t\t\n\t\t\t\t\t\t<div\t\t\t\tclass=\"sow-icon-container sow-container-round\"\n\t\t\t\tstyle=\"color: #ddc387; \"\n\t\t\t\t\n\t\t\t\t\t\t\t>\n\t\t\t\t<span class=\"sow-icon-fontawesome sow-fas\" data-sow-icon=\"&#xf1ae;\"\n\t\tstyle=\"font-size: 24px; color: #d65050\" \n\t\taria-hidden=\"true\"><\/span>\t\t\t<\/div>\n\n\t\t\t<div class=\"textwidget\">\n\t\t\t\t\n\t\t\t\t\t\t\t\t\t<h5 class=\"sow-features-feature-title\">\n\t\t\t\t\t\tErbrecht und Familienrecht\t\t\t\t\t<\/h5>\n\t\t\t\t\n\t\t\t\t\t\t\t\t\t<div class=\"sow-features-feature-text\">\n\t\t\t\t\t<ul>\n<li style=\"text-align: left\">Aufsetzung von Ehevertr\u00e4gen, Vertr\u00e4gen \u00fcber die Aufteilung des ehelichen Verm\u00f6gens bzw. g\u00fcterrechtliche Auseinandersetzung; Rechtsberatung im Gebiet des Erbrechts und Familienrechts; Einleitung von und Vertretung in ehelichen und Status-bezogenen Streitigkeiten im Gebiet des Familienrechts, besonders bei der Ehescheidung, F\u00fcrsorge, Vormundschaft, Feststellung und Anfechtung von Vaterschaft; Aufsetzung von Testamenten und sonstigen Aussagen und Erbvertr\u00e4gen (Vertr\u00e4ge \u00fcber die Abtretung vom Verm\u00f6gen und Aufteilung des Verm\u00f6gens zu Lebzeiten, Vertr\u00e4ge \u00fcber das Verzichten auf die Erbschaft vor der Er\u00f6ffnung); Einleitung von und Vertretung bei Verlassenschaftsverfahren, Identit\u00e4tsfeststellungen und Eintragungen in Register.<\/li>\n<\/ul>\n\t\t\t\t\t<\/div>\n\t\t\t\t\t\t\t\t<\/div>\n\t\t\t\t\t\t\t\t<\/li>\n\n\t\t\t<li\n\t\t\tclass=\"sow-features-feature sow-icon-container-position-top\"\n\t\t\tstyle=\"display: flex; flex-direction: column; width: calc(100% - 25px);\"\n\t\t>\n\t\t\t\n\t\t\t\t\t\t<div\t\t\t\tclass=\"sow-icon-container sow-container-round\"\n\t\t\t\tstyle=\"color: #ddc387; \"\n\t\t\t\t\n\t\t\t\t\t\t\t>\n\t\t\t\t<span class=\"sow-icon-fontawesome sow-fas\" data-sow-icon=\"&#xf1f9;\"\n\t\tstyle=\"font-size: 24px; color: #d65050\" \n\t\taria-hidden=\"true\"><\/span>\t\t\t<\/div>\n\n\t\t\t<div class=\"textwidget\">\n\t\t\t\t\n\t\t\t\t\t\t\t\t\t<h5 class=\"sow-features-feature-title\">\n\t\t\t\t\t\tUrheberrecht und verwandte Schutzrechte\t\t\t\t\t<\/h5>\n\t\t\t\t\n\t\t\t\t\t\t\t\t\t<div class=\"sow-features-feature-text\">\n\t\t\t\t\t<ul>\n<li style=\"text-align: left\">Registrierung von Markenzeichen und Patenten sowie vom industriellen Design; Aufsetzung von Vertr\u00e4gen \u00fcber Urheberrechte; Schutz von Urheberrechten und verwandten Rechten; Verwirklichung der Urheberrechte.<\/li>\n<\/ul>\n\t\t\t\t\t<\/div>\n\t\t\t\t\t\t\t\t<\/div>\n\t\t\t\t\t\t\t\t<\/li>\n\n\t<\/ul>\n<\/div><\/div><\/div><\/div><\/div><\/div><\/div>","protected":false},"excerpt":{"rendered":"<p>Sachenrecht und Grundbuchsrecht \u00dcberpr\u00fcfungen im Kataster, in Grundb\u00fcchern, Schiffsregistern und sonstigen \u00f6ffentlichen Urkunden; Due Diligence Analysen von Liegenschaften, Rechtsberatung und Rechtsbeistand beim [&hellip;]<\/p>\n","protected":false},"author":2,"featured_media":0,"parent":0,"menu_order":3,"comment_status":"closed","ping_status":"closed","template":"","meta":{"footnotes":""},"class_list":["post-1454","page","type-page","status-publish","placeholder-for-hentry"],"_links":{"self":[{"href":"https:\/\/hedllaw.com\/de\/wp-json\/wp\/v2\/pages\/1454","targetHints":{"allow":["GET"]}}],"collection":[{"href":"https:\/\/hedllaw.com\/de\/wp-json\/wp\/v2\/pages"}],"about":[{"href":"https:\/\/hedllaw.com\/de\/wp-json\/wp\/v2\/types\/page"}],"author":[{"embeddable":true,"href":"https:\/\/hedllaw.com\/de\/wp-json\/wp\/v2\/users\/2"}],"replies":[{"embeddable":true,"href":"https:\/\/hedllaw.com\/de\/wp-json\/wp\/v2\/comments?post=1454"}],"version-history":[{"count":26,"href":"https:\/\/hedllaw.com\/de\/wp-json\/wp\/v2\/pages\/1454\/revisions"}],"predecessor-version":[{"id":2262,"href":"https:\/\/hedllaw.com\/de\/wp-json\/wp\/v2\/pages\/1454\/revisions\/2262"}],"wp:attachment":[{"href":"https:\/\/hedllaw.com\/de\/wp-json\/wp\/v2\/media?parent=1454"}],"curies":[{"name":"wp","href":"https:\/\/api.w.org\/{rel}","templated":true}]}}