{"id":1447,"date":"2018-06-15T11:49:32","date_gmt":"2018-06-15T11:49:32","guid":{"rendered":"https:\/\/hedllaw.com\/?page_id=1447"},"modified":"2026-02-21T23:35:53","modified_gmt":"2026-02-21T22:35:53","slug":"rechtsanwaeltin-helenadlaka","status":"publish","type":"page","link":"https:\/\/hedllaw.com\/de\/rechtsanwaeltin-helenadlaka\/","title":{"rendered":"Rechtsanw\u00e4ltin"},"content":{"rendered":"<div id=\"pl-1447\"  class=\"panel-layout\" ><div id=\"pg-1447-0\"  class=\"panel-grid panel-has-style\" ><div class=\"siteorigin-panels-stretch panel-row-style panel-row-style-for-1447-0\" style=\"background-image: url(https:\/\/hedllaw.com\/wp-content\/uploads\/2018\/09\/hedllaw-odvjetnicki-ured-odvjetnik-Split-Helena-Dlaka-attorney_lawyer-scaled.jpg);padding: 100px 0; \" data-stretch-type=\"full-width-stretch\" data-hasbg=\"hasbg\" data-overlay=\"true\" data-overlay-color=\"#000000\" ><div id=\"pgc-1447-0-0\"  class=\"panel-grid-cell\" ><div id=\"panel-1447-0-0-0\" class=\"so-panel widget widget_sow-editor panel-first-child panel-last-child\" data-index=\"0\" ><div style=\"text-align: left;\" data-title-color=\"#ebc876\" data-headings-color=\"#ebc876\" class=\"panel-widget-style panel-widget-style-for-1447-0-0-0\" ><div\n\t\t\t\n\t\t\tclass=\"so-widget-sow-editor so-widget-sow-editor-base\"\n\t\t\t\n\t\t><h2 class=\"widget-title\"><p> GR\u00dcNDERIN DES B\u00dcROS \/ <\/p><p>                  <\/p><p> RECHTSANW\u00c4LTIN HELENA DLAKA<\/p><p> <\/p><\/h2>\n<div class=\"siteorigin-widget-tinymce textwidget\">\n\t<p><img decoding=\"async\" class=\"alignleft wp-image-1800 size-medium\" style=\"border-radius: 5px 20px 5px;\" src=\"https:\/\/hedllaw.com\/wp-content\/uploads\/2018\/09\/hedllaw-Helena-Dlaka-odvjetnik-lawyer-attorney-Split-Croatia-Hrvatska-188x300.jpg\" alt=\"hedllaw Helena Dlaka odvjetnik lawyer attorney Split Croatia Hrvatska\" width=\"188\" height=\"300\" srcset=\"https:\/\/hedllaw.com\/wp-content\/uploads\/2018\/09\/hedllaw-Helena-Dlaka-odvjetnik-lawyer-attorney-Split-Croatia-Hrvatska-188x300.jpg 188w, https:\/\/hedllaw.com\/wp-content\/uploads\/2018\/09\/hedllaw-Helena-Dlaka-odvjetnik-lawyer-attorney-Split-Croatia-Hrvatska-768x1225.jpg 768w, https:\/\/hedllaw.com\/wp-content\/uploads\/2018\/09\/hedllaw-Helena-Dlaka-odvjetnik-lawyer-attorney-Split-Croatia-Hrvatska-642x1024.jpg 642w, https:\/\/hedllaw.com\/wp-content\/uploads\/2018\/09\/hedllaw-Helena-Dlaka-odvjetnik-lawyer-attorney-Split-Croatia-Hrvatska-830x1324.jpg 830w, https:\/\/hedllaw.com\/wp-content\/uploads\/2018\/09\/hedllaw-Helena-Dlaka-odvjetnik-lawyer-attorney-Split-Croatia-Hrvatska-230x367.jpg 230w, https:\/\/hedllaw.com\/wp-content\/uploads\/2018\/09\/hedllaw-Helena-Dlaka-odvjetnik-lawyer-attorney-Split-Croatia-Hrvatska-350x558.jpg 350w, https:\/\/hedllaw.com\/wp-content\/uploads\/2018\/09\/hedllaw-Helena-Dlaka-odvjetnik-lawyer-attorney-Split-Croatia-Hrvatska-480x765.jpg 480w, https:\/\/hedllaw.com\/wp-content\/uploads\/2018\/09\/hedllaw-Helena-Dlaka-odvjetnik-lawyer-attorney-Split-Croatia-Hrvatska.jpg 861w\" sizes=\"(max-width: 188px) 100vw, 188px\" \/><\/p>\n<p>Mein ganzes Arbeitsleben, seit 2005, bin ich in der Rechtsanwaltschaft t\u00e4tig. Zuerst war ich f\u00fcnf Jahre lang anwaltliche Praktikantin und seit 2010 bin ich selbst\u00e4ndige Rechtsanw\u00e4ltin. Ich habe gro\u00dfe, wertvolle Erfahrung in verschiedenen Rechtsgebieten erworben, denn ich habe bisher in vielen F\u00e4llen Rechtsbeistand an inl\u00e4ndische und ausl\u00e4ndische Kunden \u2013 nat\u00fcrliche und juristische Personen, Vereine, verschiedenartige Organisationen, multinationale Korporationen \u2013 geleistet, indem ich sie vor Gericht und sonstigen zust\u00e4ndigen Beh\u00f6rden vertreten habe; ich habe auch zahlreiche sonstigen anwaltliche Dienstleistungen erbracht, aufgrund dessen ich erfolgreiche Kooperation mit Klienten und Kollegen nicht nur in Kroatien, sondern weltweit, entwickelt habe.<\/p>\n<p>Ich habe zwar auf meinem Berufsweg die Gelegenheit gehabt, verschiedene T\u00e4tigkeiten in vielen Rechtsgebieten durchzuf\u00fchren, bin jedoch vor Allem auf die folgenden Gebiete orientiert: Grundbuchsrecht und Sachenrecht, Handelsrecht, Vertragsrecht, Arbeitsrecht und Erbrecht, Einzug von Forderungen in friedlichen und gerichtlichen Rechtsverfahren, Leistung des Rechtsbeistands in inl\u00e4ndischen und internationalen gemeinsamen Unternehmen (Joint Ventures), Gr\u00fcndung von Clusters, detaillierte Untersuchungen (Due Diligence), Konzessionen, Steuer, wirtschaftliches Strafrecht. Ich habe gro\u00dfe Erfahrung nicht nur im Gebiet der Rechtsberatung und Aufsetzung von Vertr\u00e4gen, Beschl\u00fcssen und anderen Rechtsakten, sondern auch in der L\u00f6sung von verschiedenen Schwierigkeiten in vielen Branchen wie z.B. Handel, Hotelgewerbe, Tourismus, Gastgewerbe, Bauwesen, Fischerei, Seewesen, Einfuhr, Ausfuhr, Distribution von Waren und Dienstleistungen in Kroatien und im Ausland, Rechtsbeistand bei der Herstellung und Erhaltung internationaler Gesch\u00e4ftskooperation sowie beim Einzug von ausl\u00e4ndischen Forderungen.<\/p>\n<p>Ich bem\u00fche mich immer, gute und regelm\u00e4\u00dfige Kommunikation mit meinen Klienten zu erhalten, weil das die notwendige Grundlage f\u00fcr erfolgreiche L\u00f6sung rechtlicher Probleme und f\u00fcr die Gestaltung einer vertrauensvollen Beziehung hoher Qualit\u00e4t zwischen dem Anwalt und dem Klient ist. Mein Rechtsanwaltsb\u00fcro erbringt die Dienstleistungen professionell, sachkundig und mit voller Beachtung der Anwaltsethik und Sittlichkeit sowie der Integrit\u00e4t jeder einzelnen Person. Ich bem\u00fche mich immer, die besten und auch die praktischsten L\u00f6sungen f\u00fcr meine Klienten zu finden. Dabei bin ich bereit, alle gesch\u00e4ftlichen Herausforderungen prompt anzunehmen, mit denen uns die moderne Zeit t\u00e4glich konfrontiert.<\/p>\n<p>Ich bin es mir dessen bewusst, dass moderne Gesch\u00e4ftst\u00e4tigkeiten hoher Qualit\u00e4t, unabh\u00e4ngig vom Fachgebiet, kontinuierliches Lernen und Erwerben von Kenntnissen erfordern, nicht nur in der eigenen Branche, sondern auch in den Bereichen, die uns vielleicht nicht genug bekannt sind, aber ihre Implementation ist notwendig, um den Bed\u00fcrfnissen von Klienten nachzukommen. Daher glaube ich, dass gerade mein Wunsch, st\u00e4ndig zu lernen, neue Menschen zu treffen und meine Kenntnisse zu erweitern \u2013 nicht nur im Gebiet des inl\u00e4ndischen Rechtes, sondern auch in Bezug auf Rechtssysteme anderer L\u00e4nder sowie in Gebieten von Fremdsprachen, modernen Technologien und verschiedenen Themen aus der Gesch\u00e4ftswelt \u2013 der wichtigste Grund daf\u00fcr ist, dass die Rechtsanwaltschaft mir kontinuierlich gro\u00dfe Freude und Zufriedenheit bereitet.<\/p>\n<\/div>\n<\/div><\/div><\/div><\/div><div id=\"pgc-1447-0-1\"  class=\"panel-grid-cell\" ><div id=\"panel-1447-0-1-0\" class=\"so-panel widget widget_sow-editor panel-first-child panel-last-child\" data-index=\"1\" ><div style=\"text-align: left;\" data-title-color=\"#ebc876\" data-headings-color=\"#ebc876\" class=\"panel-widget-style panel-widget-style-for-1447-0-1-0\" ><div\n\t\t\t\n\t\t\tclass=\"so-widget-sow-editor so-widget-sow-editor-base\"\n\t\t\t\n\t\t><h2 class=\"widget-title\">AUSBILDUNG UND ARBEITSERFAHRUNG<\/h2>\n<div class=\"siteorigin-widget-tinymce textwidget\">\n\t<p> Ich bin 1979 in Split geboren, wo ich meine Ausbildung beendet habe und wo ich auch weiter lebe und arbeite.<\/p>\n<\/p>\n<p>Ich habe mich an der Juristischen Fakult\u00e4t der Universit\u00e4t in Split 1998 eingeschrieben und 2004 bestand ich das erste juristische Examen.<\/p>\n<\/p>\n<p> Den ersten Arbeitsplatz bekam ich 2005 als Praktikantin in einem Rechtsanwaltsb\u00fcro in Split. W\u00e4hrend des Praktikums bestand ich das zweite juristische Staatsexamen und danach, 2010, wurde ich selbst\u00e4ndige Rechtsanw\u00e4ltin und gr\u00fcndete mein eigenes Rechtsanwaltsb\u00fcro in Split, in dem ich seitdem kontinuierlich arbeite.<\/p><\/p>\n<\/div>\n<\/div><\/div><\/div><\/div><\/div><\/div><\/div>","protected":false},"excerpt":{"rendered":"<p>Mein ganzes Arbeitsleben, seit 2005, bin ich in der Rechtsanwaltschaft t\u00e4tig. Zuerst war ich f\u00fcnf Jahre lang anwaltliche Praktikantin und seit 2010 [&hellip;]<\/p>\n","protected":false},"author":2,"featured_media":0,"parent":0,"menu_order":2,"comment_status":"closed","ping_status":"closed","template":"","meta":{"footnotes":""},"class_list":["post-1447","page","type-page","status-publish","placeholder-for-hentry"],"_links":{"self":[{"href":"https:\/\/hedllaw.com\/de\/wp-json\/wp\/v2\/pages\/1447","targetHints":{"allow":["GET"]}}],"collection":[{"href":"https:\/\/hedllaw.com\/de\/wp-json\/wp\/v2\/pages"}],"about":[{"href":"https:\/\/hedllaw.com\/de\/wp-json\/wp\/v2\/types\/page"}],"author":[{"embeddable":true,"href":"https:\/\/hedllaw.com\/de\/wp-json\/wp\/v2\/users\/2"}],"replies":[{"embeddable":true,"href":"https:\/\/hedllaw.com\/de\/wp-json\/wp\/v2\/comments?post=1447"}],"version-history":[{"count":25,"href":"https:\/\/hedllaw.com\/de\/wp-json\/wp\/v2\/pages\/1447\/revisions"}],"predecessor-version":[{"id":2283,"href":"https:\/\/hedllaw.com\/de\/wp-json\/wp\/v2\/pages\/1447\/revisions\/2283"}],"wp:attachment":[{"href":"https:\/\/hedllaw.com\/de\/wp-json\/wp\/v2\/media?parent=1447"}],"curies":[{"name":"wp","href":"https:\/\/api.w.org\/{rel}","templated":true}]}}