{"id":1433,"date":"2018-04-01T06:17:20","date_gmt":"2018-04-01T06:17:20","guid":{"rendered":"https:\/\/hedllaw.com\/pocetna\/"},"modified":"2026-03-07T10:01:59","modified_gmt":"2026-03-07T09:01:59","slug":"anfangsseite","status":"publish","type":"page","link":"https:\/\/hedllaw.com\/de\/","title":{"rendered":"Anfangsseite"},"content":{"rendered":"<div id=\"pl-1433\"  class=\"panel-layout\" ><div id=\"pg-1433-0\"  class=\"panel-grid panel-has-style\" ><div class=\"siteorigin-panels-stretch panel-row-style panel-row-style-for-1433-0\" style=\"padding: 60px 0; \" data-stretch-type=\"full\" data-overlay=\"true\" data-overlay-color=\"#000000\" ><div id=\"pgc-1433-0-0\"  class=\"panel-grid-cell\" ><div id=\"panel-1433-0-0-0\" class=\"so-panel widget widget_sydney_services_type_b sydney_services_b_widget panel-first-child panel-last-child\" data-index=\"0\" ><div style=\"text-align: left;\" data-title-color=\"#443f3f\" data-headings-color=\"#d65050\" class=\"panel-widget-style panel-widget-style-for-1433-0-0-0\" >\t\t\t<h2 class=\"widget-title\">\u00dcBER DAS B\u00dcRO<\/h2>\r\n\t\t\t\t<div class=\"roll-icon-list\">\r\n\t\t\t\t\t\t\t\t\t\t\t\t\t\t\t\t\t\t\t\t\t\t\t<div class=\"service clearfix \">\r\n\t\t\t\t\t\t\t<div class=\"list-item clearfix\">\r\n\t\t\t\t\t\t\t\t\t\t\t\t\t\t\t\t<div class=\"content\">\r\n\t\t\t\t\t\t\t\t\t<h3>\r\n\t\t\t\t\t\t\t\t\t\t\t\t\t\t\t\t\t\t\t\t\tWer sind wir\t\t\t\t\t\t\t\t\t\t\t\t\t\t\t\t\t\t\t<\/h3>\r\n\t\t\t\t\t\t\t\t\t\t\t\t\t\t\t\t\t\r\n\t\t\t\t\t\t\t\t\t\t<p>Das Rechtsanwaltsb\u00fcro von Helena Dlaka wurde in Split, Kroatien, im Jahre 2010 gegr\u00fcndet. An inl\u00e4ndische und ausl\u00e4ndische Klienten bietet unser B\u00fcro sachkundige, qualit\u00e4tvolle, professionelle und verantwortliche Rechtsanwaltsdienstleistungen. Wir beachten die anwaltliche Ethik und das Vertrauen zwischen dem Anwalt und den Klienten, wir betonen die Bedeutsamkeit guter Kommunikation und des Informationsaustausches mit Klienten und ber\u00fccksichtigen den optimalen Schutz ihrer Rechte und Interessen.<\/p>\n\t\t\t\t\t\t\t\t\t\t\t\t\t\t\t\t\t<\/div><!--.info-->\t\r\n\t\t\t\t\t\t\t<\/div>\r\n\t\t\t\t\t\t<\/div>\r\n\t\t\t\t\t\t\t\t\t\t\t\t\t\t\t\t\t\t\t\t\t\t\t<div class=\"service clearfix \">\r\n\t\t\t\t\t\t\t<div class=\"list-item clearfix\">\r\n\t\t\t\t\t\t\t\t\t\t\t\t\t\t\t\t<div class=\"content\">\r\n\t\t\t\t\t\t\t\t\t<h3>\r\n\t\t\t\t\t\t\t\t\t\t\t\t\t\t\t\t\t\t\t\t\tWomit besch\u00e4ftigen wir uns\t\t\t\t\t\t\t\t\t\t\t\t\t\t\t\t\t\t\t<\/h3>\r\n\t\t\t\t\t\t\t\t\t\t\t\t\t\t\t\t\t\r\n\t\t\t\t\t\t\t\t\t\t<p>Seit vielen Jahren schon leisten wir Rechtsbeistand und vertreten inl\u00e4ndische und ausl\u00e4ndische nat\u00fcrliche und juristische Personen, so dass wir gro\u00dfe Erfahrung und zahlreiche Kenntnisse in verschiedenen Rechtsgebieten erworben haben, besonders im Zivilrecht (Grundbuchsrecht, Immobilienrecht, Sachenrecht, Schuldrecht u.a.), Handelsrecht, Gesellschaftsrecht, Arbeitsrecht, Erbrecht und Familienrecht, gerichtliche und au\u00dfergerichtliche Streitbeilegungen, Konzessionen, Joint Ventures. Dar\u00fcber hinaus haben und entwickeln wir weitere erfolgreiche Kooperation mit multinationalen Korporationen, inl\u00e4ndischen und ausl\u00e4ndischen Organisationen und Vereinen, Handelsgesellschaften, Institutionen, wirtschaftlichen Verbandelungen und vielen anderen Klienten.<\/p>\n\t\t\t\t\t\t\t\t\t\t\t\t\t\t\t\t\t<\/div><!--.info-->\t\r\n\t\t\t\t\t\t\t<\/div>\r\n\t\t\t\t\t\t<\/div>\r\n\t\t\t\t\t\t\t\t\t\t\t\t\t\t\t\t\t\t\t\t\t\t\t<div class=\"service clearfix \">\r\n\t\t\t\t\t\t\t<div class=\"list-item clearfix\">\r\n\t\t\t\t\t\t\t\t\t\t\t\t\t\t\t\t<div class=\"content\">\r\n\t\t\t\t\t\t\t\t\t<h3>\r\n\t\t\t\t\t\t\t\t\t\t\t\t\t\t\t\t\t\t\t\t\tWie arbeiten wir\t\t\t\t\t\t\t\t\t\t\t\t\t\t\t\t\t\t\t<\/h3>\r\n\t\t\t\t\t\t\t\t\t\t\t\t\t\t\t\t\t\r\n\t\t\t\t\t\t\t\t\t\t<p>Unsere bedeutsamsten, bewiesenen Auszeichnungen sind Fachkenntnisse, Kompetenz, Professionalit\u00e4t, Ethik, Zug\u00e4nglichkeit, gute Kommunikation, Anpassung an praktische und gesch\u00e4ftliche Bed\u00fcrfnisse von Klienten in Bezug auf ihre Schwierigkeiten sowie Bereitschaft, rechtliche und gesch\u00e4ftliche Herausforderungen anzunehmen, mit denen uns die moderne Zeit t\u00e4glich konfrontiert.<\/p>\n\t\t\t\t\t\t\t\t\t\t\t\t\t\t\t\t\t<\/div><!--.info-->\t\r\n\t\t\t\t\t\t\t<\/div>\r\n\t\t\t\t\t\t<\/div>\r\n\t\t\t\t\t\t\t\t\t<\/div>\t\r\n\r\n\t\t\t\t\t\t\t\t\t<a href=\"#pg-1433-1\" class=\"roll-button more-button\">\r\n\t\t\t\t\t\t\t\t\t\t\t\t\tMEHR\t\t\t\t\t\t\t\t\t\t\t<\/a>\r\n\t\t\t\t\t\t\t\t\r\n\t<\/div><\/div><\/div><div id=\"pgc-1433-0-1\"  class=\"panel-grid-cell\" ><div id=\"panel-1433-0-1-0\" class=\"so-panel widget widget_sow-editor panel-first-child panel-last-child\" data-index=\"1\" ><div style=\"text-align: left;\" data-title-color=\"#443f3f\" data-headings-color=\"#443f3f\" class=\"panel-widget-style panel-widget-style-for-1433-0-1-0\" ><div\n\t\t\t\n\t\t\tclass=\"so-widget-sow-editor so-widget-sow-editor-base\"\n\t\t\t\n\t\t>\n<div class=\"siteorigin-widget-tinymce textwidget\">\n\t<p><img decoding=\"async\" class=\"aligncenter size-full wp-image-336\" src=\"https:\/\/hedllaw.com\/wp-content\/uploads\/2018\/04\/IMG_2349-1-kopija.jpg\" alt=\"Rechtsanwalt Helena Dlaka in Split\" width=\"720\" height=\"960\" srcset=\"https:\/\/hedllaw.com\/wp-content\/uploads\/2018\/04\/IMG_2349-1-kopija.jpg 720w, https:\/\/hedllaw.com\/wp-content\/uploads\/2018\/04\/IMG_2349-1-kopija-225x300.jpg 225w, https:\/\/hedllaw.com\/wp-content\/uploads\/2018\/04\/IMG_2349-1-kopija-230x307.jpg 230w, https:\/\/hedllaw.com\/wp-content\/uploads\/2018\/04\/IMG_2349-1-kopija-350x467.jpg 350w, https:\/\/hedllaw.com\/wp-content\/uploads\/2018\/04\/IMG_2349-1-kopija-480x640.jpg 480w\" sizes=\"(max-width: 720px) 100vw, 720px\" \/><\/p>\n<\/div>\n<\/div><\/div><\/div><\/div><\/div><\/div><div id=\"pg-1433-1\"  class=\"panel-grid panel-has-style\" ><div class=\"siteorigin-panels-stretch panel-row-style panel-row-style-for-1433-1\" style=\"background-image: url(https:\/\/hedllaw.com\/wp-content\/uploads\/2018\/04\/justice-2060093_1920.jpg);padding: 100px 0; \" data-stretch-type=\"full-width-stretch\" data-hasbg=\"hasbg\" data-overlay=\"true\" data-overlay-color=\"#000000\" ><div id=\"pgc-1433-1-0\"  class=\"panel-grid-cell\" ><div id=\"panel-1433-1-0-0\" class=\"so-panel widget widget_sydney_services_type_a sydney_services_widget panel-first-child panel-last-child\" data-index=\"2\" ><div style=\"text-align: left;\" data-title-color=\"#d65050\" data-headings-color=\"#ebc876\" class=\"panel-widget-style panel-widget-style-for-1433-1-0-0\" >\t\t\t<h2 class=\"widget-title\">T\u00c4TIGKEITSBEREICHE<\/h2>\r\n\t\t\t\t\t\t\t\t\t\t\t\t\t\t\t\t\t\t\t\t\t\t\t\t\t\t\t\t\t<div class=\"service col-md-4\">\r\n\t\t\t\t\t\t\t\t\t\t\t\t\t<div class=\"roll-icon-box\">\r\n\t\t\t\t\t\t\t\t\t\t\t\r\n\t\t\t\t\t\t\t\t\t<div class=\"icon\">\r\n\t\t\t\t\t\t\t\t\t\t\t\t\t\t\t\t\t\t\t\t\t<i class=\"fa fa-home\"><\/i>\t\t\t\t\t\t\t\t\t\t\t\t\t\t\t\t\t\t\t<\/div>\r\n\t\t\t\t\t\t\t\t\t\t\t\t\t\t\t\t<div class=\"content\">\r\n\t\t\t\t\t\t\t\t\t<h3>\r\n\t\t\t\t\t\t\t\t\t\t\t\t\t\t\t\t\t\t\t\t\tSachenrecht und Grundbuchsrecht\t\t\t\t\t\t\t\t\t\t\t\t\t\t\t\t\t\t\t<\/h3>\r\n\t\t\t\t\t\t\t\t\t\t\t\t\t\t\t\t\t\t\t\t\t\t\t\t\t\t\t\t\t\t\t\t\t\t\t\t<\/div><!--.info-->\t\r\n\t\t\t\t\t\t\t<\/div>\r\n\t\t\t\t\t\t<\/div>\r\n\t\t\t\t\t\t\t\t\t\t\t\t\t\t\t\t\t\t\t\t\t\t\t\t\t\t\t\t\t<div class=\"service col-md-4\">\r\n\t\t\t\t\t\t\t\t\t\t\t\t\t<div class=\"roll-icon-box\">\r\n\t\t\t\t\t\t\t\t\t\t\t\r\n\t\t\t\t\t\t\t\t\t<div class=\"icon\">\r\n\t\t\t\t\t\t\t\t\t\t\t\t\t\t\t\t\t\t\t\t\t<i class=\"fa fa-cog\"><\/i>\t\t\t\t\t\t\t\t\t\t\t\t\t\t\t\t\t\t\t<\/div>\r\n\t\t\t\t\t\t\t\t\t\t\t\t\t\t\t\t<div class=\"content\">\r\n\t\t\t\t\t\t\t\t\t<h3>\r\n\t\t\t\t\t\t\t\t\t\t\t\t\t\t\t\t\t\t\t\t\tSchuldrecht\t\t\t\t\t\t\t\t\t\t\t\t\t\t\t\t\t\t\t<\/h3>\r\n\t\t\t\t\t\t\t\t\t\t\t\t\t\t\t\t\t\t\t\t\t\t\t\t\t\t\t\t\t\t\t\t\t\t\t\t<\/div><!--.info-->\t\r\n\t\t\t\t\t\t\t<\/div>\r\n\t\t\t\t\t\t<\/div>\r\n\t\t\t\t\t\t\t\t\t\t\t\t\t\t\t\t\t\t\t\t\t\t\t\t\t\t\t\t\t<div class=\"service col-md-4\">\r\n\t\t\t\t\t\t\t\t\t\t\t\t\t<div class=\"roll-icon-box\">\r\n\t\t\t\t\t\t\t\t\t\t\t\r\n\t\t\t\t\t\t\t\t\t<div class=\"icon\">\r\n\t\t\t\t\t\t\t\t\t\t\t\t\t\t\t\t\t\t\t\t\t<i class=\"fa fa-barcode\"><\/i>\t\t\t\t\t\t\t\t\t\t\t\t\t\t\t\t\t\t\t<\/div>\r\n\t\t\t\t\t\t\t\t\t\t\t\t\t\t\t\t<div class=\"content\">\r\n\t\t\t\t\t\t\t\t\t<h3>\r\n\t\t\t\t\t\t\t\t\t\t\t\t\t\t\t\t\t\t\t\t\tHandelsrecht und Gesellschaftsrecht\t\t\t\t\t\t\t\t\t\t\t\t\t\t\t\t\t\t\t<\/h3>\r\n\t\t\t\t\t\t\t\t\t\t\t\t\t\t\t\t\t\t\t\t\t\t\t\t\t\t\t\t\t\t\t\t\t\t\t\t<\/div><!--.info-->\t\r\n\t\t\t\t\t\t\t<\/div>\r\n\t\t\t\t\t\t<\/div>\r\n\t\t\t\t\t\t\t\t\t\t\t\t\t\t\t\t\t\t\t\t\t\t\t\t\t\t\t\t\t<div class=\"service col-md-4\">\r\n\t\t\t\t\t\t\t\t\t\t\t\t\t<div class=\"roll-icon-box\">\r\n\t\t\t\t\t\t\t\t\t\t\t\r\n\t\t\t\t\t\t\t\t\t<div class=\"icon\">\r\n\t\t\t\t\t\t\t\t\t\t\t\t\t\t\t\t\t\t\t\t\t<i class=\"fa fa-user\"><\/i>\t\t\t\t\t\t\t\t\t\t\t\t\t\t\t\t\t\t\t<\/div>\r\n\t\t\t\t\t\t\t\t\t\t\t\t\t\t\t\t<div class=\"content\">\r\n\t\t\t\t\t\t\t\t\t<h3>\r\n\t\t\t\t\t\t\t\t\t\t\t\t\t\t\t\t\t\t\t\t\tArbeitsrecht\t\t\t\t\t\t\t\t\t\t\t\t\t\t\t\t\t\t\t<\/h3>\r\n\t\t\t\t\t\t\t\t\t\t\t\t\t\t\t\t\t\t\t\t\t\t\t\t\t\t\t\t\t\t\t\t\t\t\t\t<\/div><!--.info-->\t\r\n\t\t\t\t\t\t\t<\/div>\r\n\t\t\t\t\t\t<\/div>\r\n\t\t\t\t\t\t\t\t\t\t\t\t\t\t\t\t\t\t\t\t\t\t\t\t\t\t\t\t\t<div class=\"service col-md-4\">\r\n\t\t\t\t\t\t\t\t\t\t\t\t\t<div class=\"roll-icon-box\">\r\n\t\t\t\t\t\t\t\t\t\t\t\r\n\t\t\t\t\t\t\t\t\t<div class=\"icon\">\r\n\t\t\t\t\t\t\t\t\t\t\t\t\t\t\t\t\t\t\t\t\t<i class=\"fa fa-child\"><\/i>\t\t\t\t\t\t\t\t\t\t\t\t\t\t\t\t\t\t\t<\/div>\r\n\t\t\t\t\t\t\t\t\t\t\t\t\t\t\t\t<div class=\"content\">\r\n\t\t\t\t\t\t\t\t\t<h3>\r\n\t\t\t\t\t\t\t\t\t\t\t\t\t\t\t\t\t\t\t\t\tErbrecht und Familienrecht\t\t\t\t\t\t\t\t\t\t\t\t\t\t\t\t\t\t\t<\/h3>\r\n\t\t\t\t\t\t\t\t\t\t\t\t\t\t\t\t\t\t\t\t\t\t\t\t\t\t\t\t\t\t\t\t\t\t\t\t<\/div><!--.info-->\t\r\n\t\t\t\t\t\t\t<\/div>\r\n\t\t\t\t\t\t<\/div>\r\n\t\t\t\t\t\t\t\t\t\t\t\t\t\t\t\t\t\t\t\t\t\t\t\t\t\t\t\t\t<div class=\"service col-md-4\">\r\n\t\t\t\t\t\t\t\t\t\t\t\t\t<div class=\"roll-icon-box\">\r\n\t\t\t\t\t\t\t\t\t\t\t\r\n\t\t\t\t\t\t\t\t\t<div class=\"icon\">\r\n\t\t\t\t\t\t\t\t\t\t\t\t\t\t\t\t\t\t\t\t\t<i class=\"fa fa-copyright Unicode:\"><\/i>\t\t\t\t\t\t\t\t\t\t\t\t\t\t\t\t\t\t\t<\/div>\r\n\t\t\t\t\t\t\t\t\t\t\t\t\t\t\t\t<div class=\"content\">\r\n\t\t\t\t\t\t\t\t\t<h3>\r\n\t\t\t\t\t\t\t\t\t\t\t\t\t\t\t\t\t\t\t\t\tUrheberrecht und verwandte Schutzrechte\t\t\t\t\t\t\t\t\t\t\t\t\t\t\t\t\t\t\t<\/h3>\r\n\t\t\t\t\t\t\t\t\t\t\t\t\t\t\t\t\t\t\t\t\t\t\t\t\t\t\t\t\t\t\t\t\t\t\t\t<\/div><!--.info-->\t\r\n\t\t\t\t\t\t\t<\/div>\r\n\t\t\t\t\t\t<\/div>\r\n\t\t\t\t\t\r\n\t\t\t\t\t\t\t\t\t<a href=\"https:\/\/hedllaw.com\/de\/taetigkeitsbereiche\/\" class=\"roll-button more-button\">\r\n\t\t\t\t\t\t\t\t\t\t\t\t\tMEHR \u00dcBER UNSERE DIENSTLEISTUNGEN\t\t\t\t\t\t\t\t\t\t\t<\/a>\r\n\t\t\t\t\t\t\t\t\r\n\t<\/div><\/div><\/div><\/div><\/div><div id=\"pg-1433-2\"  class=\"panel-grid panel-has-style\" ><div class=\"siteorigin-panels-stretch panel-row-style panel-row-style-for-1433-2\" style=\"background-image: url(https:\/\/hedllaw.com\/wp-content\/uploads\/2018\/04\/lady-1698804_1920.jpg);padding: 100px 0; \" data-stretch-type=\"full-width-stretch\" data-hasbg=\"hasbg\" data-overlay=\"true\" ><div id=\"pgc-1433-2-0\"  class=\"panel-grid-cell\" ><div id=\"panel-1433-2-0-0\" class=\"so-panel widget widget_sydney_employees sydney_employees_widget panel-first-child panel-last-child\" data-index=\"3\" ><div style=\"text-align: left;\" data-title-color=\"#ebc876\" data-headings-color=\"#ebc876\" class=\"panel-widget-style panel-widget-style-for-1433-2-0-0\" >\r\n\t\t<h2 class=\"widget-title\">GR\u00dcNDERIN DES RECHTSANWALTSB\u00dcROS<\/h2>\r\n\t\t<div class=\"roll-team carousel owl-carousel\" data-widgetid=\"employees-widget-2-0-0\">\r\n\t\t\t\t\t\t\t\t\t\t<div class=\"team-item\">\r\n\t\t\t    <div class=\"team-inner\">\r\n\t\t\t        <div class=\"pop-overlay\">\r\n\t\t\t            <div class=\"team-pop\">\r\n\t\t\t                <div class=\"team-info\">\r\n\t\t\t\t\t\t\t\t<div class=\"name\">Helena Dlaka<\/div>\r\n\t\t\t\t\t\t\t\t<div class=\"pos\">Rechtsanw\u00e4ltin<\/div>\r\n\t\t\t\t\t\t\t\t<ul class=\"team-social\">\r\n\t\t\t\t\t\t\t\t\t\t\t\t\t\t\t\t\t\t\t\t\t\t\t\t\t\t\t\t\t\t\t\t\t\t\t<\/ul>\r\n\t\t\t                <\/div>\r\n\t\t\t            <\/div>\r\n\t\t\t        <\/div>\r\n\t\t\t\t\t\t\t\t\t\t<div class=\"avatar\">\r\n\t\t\t\t\t\t<img decoding=\"async\" width=\"550\" height=\"400\" src=\"https:\/\/hedllaw.com\/wp-content\/uploads\/2018\/04\/IMG_6675-1-kopija-crop-550x400.jpg\" class=\"attachment-sydney-medium-thumb size-sydney-medium-thumb wp-post-image\" alt=\"Odvjetnica Helena Dlaka\" \/>\t\t\t\t\t<\/div>\r\n\t\t\t\t\t\t\t\t    <\/div>\r\n\t\t\t    <div class=\"team-content\">\r\n\t\t\t        <div class=\"name\">\r\n\t\t\t        \t\t\t\t        \t\tHelena Dlaka\t\t\t        \t\t\t\t        <\/div>\r\n\t\t\t        <div class=\"pos\">Rechtsanw\u00e4ltin<\/div>\r\n\t\t\t    <\/div>\r\n\t\t\t<\/div><!-- \/.team-item -->\r\n\r\n\t\t\t\t\t<\/div>\r\n\r\n\t\t\t\t\t<a href=\"https:\/\/hedllaw.com\/de\/rechtsanwaeltin-helenadlaka\/\" class=\"roll-button more-button\">\r\n\t\t\t\t\t\t\t\t\tLEBENSLAUF\t\t\t\t\t\t\t<\/a>\r\n\t\t\t\r\n\t\r\n\t<\/div><\/div><\/div><\/div><\/div><div id=\"pg-1433-3\"  class=\"panel-grid panel-has-style\" ><div class=\"siteorigin-panels-stretch panel-row-style panel-row-style-for-1433-3\" style=\"text-align: center;background-image: url(https:\/\/hedllaw.com\/wp-content\/uploads\/2018\/04\/books-1522651523515-2265-1.jpg);padding: 30px 0; \" data-stretch-type=\"full-width-stretch\" data-hasbg=\"hasbg\" data-overlay=\"true\" data-overlay-color=\"#000000\" ><div id=\"pgc-1433-3-0\"  class=\"panel-grid-cell\" ><div id=\"panel-1433-3-0-0\" class=\"so-panel widget widget_sydney_action sydney_action_widget panel-first-child panel-last-child\" data-index=\"4\" ><div style=\"text-align: left;\" data-title-color=\"#c4b9b8\" data-headings-color=\"#c4b9b8\" class=\"panel-widget-style panel-widget-style-for-1433-3-0-0\" >        <div class=\"roll-promobox \">\r\n\t\t\t<div class=\"promo-wrap\">\r\n\t\t\t\t\t\t\t\t<div class=\"promo-content\">\r\n\t\t\t\t\t<h3 class=\"title\">WO FINDEN SIE UNS?<\/h3>\r\n\t\t\t\t<\/div>\r\n\t\t\t\t\t\t\t\t<div class=\"promo-controls\">\r\n\t\t\t\t\t<a href=\"https:\/\/hedllaw.com\/de\/adresse-und-kontaktdaten\/\" class=\"roll-button border\">KONTAKT<\/a>\r\n\t\t\t\t<\/div>\r\n\t\t\t<\/div>\r\n        <\/div>\r\n\t<\/div><\/div><\/div><div id=\"pgc-1433-3-1\"  class=\"panel-grid-cell\" ><div id=\"panel-1433-3-1-0\" class=\"so-panel widget widget_sow-contact-form panel-first-child panel-last-child\" data-index=\"5\" ><div style=\"text-align: left;\" data-title-color=\"#c4b9b8\" data-headings-color=\"#443f3f\" class=\"panel-widget-style panel-widget-style-for-1433-3-1-0\" ><div\n\t\t\t\n\t\t\tclass=\"so-widget-sow-contact-form so-widget-sow-contact-form-default-8263fe1a4308-1559\"\n\t\t\t\n\t\t><h2 class=\"widget-title\">KONTAKTFORMULAR<\/h2>\t<form\n\t\taction=\"\/de\/wp-json\/wp\/v2\/pages\/1433\"\n\t\tmethod=\"POST\"\n\t\tclass=\"sow-contact-form\"\n\t\tid=\"contact-form-dc45\"\n\t>\n\n\t\t\n\t\t            <p><em>Die mit * gekennzeichneten K\u00e4stchen m\u00fcssen ausgef\u00fcllt werden (der Inhalt des ausgef\u00fcllten Formulars, Ihre Daten, Ihre Nachricht und unsere Antwort werden nicht ver\u00f6ffentlicht werden).<\/em><\/p>\n\t\t\t\t\t\t<div class=\"sow-form-field sow-form-field-name\">\n\t\t\t\t\t\t\t\t<div class=\"sow-field-container\">\n\t\t\t\t\t\t\t<input\n\t\t\ttype=\"text\"\n\t\t\tname=\"vorname-und-name-1\"\n\t\t\tid=\"sow-contact-form-field-vorname-und-name-1\"\n\t\t\tvalue=\"\"\n\t\t\tclass=\"sow-text-field\"\n\t\t\tplaceholder=\"Vorname und Name*\"\t\t\t\t\t\/>\n\t\t\t\t\t\t<\/div>\n\t\t\t\t\t\t\t<\/div>\n\t\t\t\t\t\t<div class=\"sow-form-field sow-form-field-email\">\n\t\t\t\t\t\t\t\t<div class=\"sow-field-container\">\n\t\t\t\t\t\t\t<input\n\t\t\ttype=\"email\"\n\t\t\tname=\"ihr-e-mail-1\"\n\t\t\tid=\"sow-contact-form-field-ihr-e-mail-1\"\n\t\t\tvalue=\"\"\n\t\t\tclass=\"sow-text-field\"placeholder=\"Ihr E-Mail*\"\t\t\t\t\t\t\t\t\/>\n\t\t\t\t\t\t<\/div>\n\t\t\t\t\t\t\t<\/div>\n\t\t\t\t\t\t<div class=\"sow-form-field sow-form-field-subject\">\n\t\t\t\t\t\t\t\t<div class=\"sow-field-container\">\n\t\t\t\t\t\t\t<input\n\t\t\ttype=\"text\"\n\t\t\tname=\"betreff-1\"\n\t\t\tid=\"sow-contact-form-field-betreff-1\"\n\t\t\tvalue=\"\"\n\t\t\tclass=\"sow-text-field\"\n\t\t\tplaceholder=\"Betreff*\"\t\t\t\t\t\/>\n\t\t\t\t\t\t<\/div>\n\t\t\t\t\t\t\t<\/div>\n\t\t\t\t\t\t<div class=\"sow-form-field sow-form-field-textarea\">\n\t\t\t\t\t\t\t\t<div class=\"sow-field-container\">\n\t\t\t\t\t\t\t<textarea\n\t\t\tname=\"nachricht-1\"\n\t\t\tid=\"sow-contact-form-field-nachricht-1\"\n\t\t\trows=\"10\"\n\t\t\tplaceholder=\"Nachricht*\"\t\t\t\t\t><\/textarea>\n\t\t\t\t\t\t<\/div>\n\t\t\t\t\t\t\t<\/div>\n\t\t\t\n\t\t\n\t\t<div class=\"sow-submit-wrapper \n\t\tsow-submit-styled\t\t\">\n\n\t\t\t<button\n\t\t\t\ttype=\"submit\"\n\t\t\t\tclass=\"sow-submit\n\t\t\t\t\t\t\t\t\"\n\t\t\t\t\t\t\t>\n\t\t\t\tSenden\t\t\t<\/button>\n\t\t<\/div>\n\t\t\t\t<input\n\t\t\ttype=\"hidden\"\n\t\t\tname=\"instance_hash-1\"\n\t\t\tvalue=\"dc4520cf\"\n\t\t\/>\n\n\t\t<input type=\"hidden\" id=\"_wpnonce\" name=\"_wpnonce\" value=\"3a0d6e9f18\" \/><input type=\"hidden\" name=\"_wp_http_referer\" value=\"\/de\/wp-json\/wp\/v2\/pages\/1433\" \/>\t<\/form>\n\t<\/div><\/div><\/div><\/div><div id=\"pgc-1433-3-2\"  class=\"panel-grid-cell\" ><div id=\"panel-1433-3-2-0\" class=\"so-panel widget widget_sydney_action sydney_action_widget panel-first-child panel-last-child\" data-index=\"6\" ><div style=\"text-align: left;\" data-title-color=\"#c4b9b8\" data-headings-color=\"#c4b9b8\" class=\"panel-widget-style panel-widget-style-for-1433-3-2-0\" >        <div class=\"roll-promobox \">\r\n\t\t\t<div class=\"promo-wrap\">\r\n\t\t\t\t\t\t\t\t<div class=\"promo-content\">\r\n\t\t\t\t\t<h3 class=\"title\">VOR BENUTZUNG LESEN!!<\/h3>\r\n\t\t\t\t<\/div>\r\n\t\t\t\t\t\t\t\t<div class=\"promo-controls\">\r\n\t\t\t\t\t<a href=\"https:\/\/hedllaw.com\/de\/adresse-und-kontaktdaten\/\" class=\"roll-button border\">RECHTLICHE ANMERKUNG<\/a>\r\n\t\t\t\t<\/div>\r\n\t\t\t<\/div>\r\n        <\/div>\r\n\t<\/div><\/div><\/div><\/div><\/div><\/div>","protected":false},"excerpt":{"rendered":"<p>\u00dcBER DAS B\u00dcRO Wer sind wir Das Rechtsanwaltsb\u00fcro von Helena Dlaka wurde in Split, Kroatien, im Jahre 2010 gegr\u00fcndet. An inl\u00e4ndische und [&hellip;]<\/p>\n","protected":false},"author":2,"featured_media":0,"parent":0,"menu_order":1,"comment_status":"closed","ping_status":"closed","template":"page-templates\/page_front-page.php","meta":{"footnotes":""},"class_list":["post-1433","page","type-page","status-publish","placeholder-for-hentry"],"_links":{"self":[{"href":"https:\/\/hedllaw.com\/de\/wp-json\/wp\/v2\/pages\/1433","targetHints":{"allow":["GET"]}}],"collection":[{"href":"https:\/\/hedllaw.com\/de\/wp-json\/wp\/v2\/pages"}],"about":[{"href":"https:\/\/hedllaw.com\/de\/wp-json\/wp\/v2\/types\/page"}],"author":[{"embeddable":true,"href":"https:\/\/hedllaw.com\/de\/wp-json\/wp\/v2\/users\/2"}],"replies":[{"embeddable":true,"href":"https:\/\/hedllaw.com\/de\/wp-json\/wp\/v2\/comments?post=1433"}],"version-history":[{"count":43,"href":"https:\/\/hedllaw.com\/de\/wp-json\/wp\/v2\/pages\/1433\/revisions"}],"predecessor-version":[{"id":2530,"href":"https:\/\/hedllaw.com\/de\/wp-json\/wp\/v2\/pages\/1433\/revisions\/2530"}],"wp:attachment":[{"href":"https:\/\/hedllaw.com\/de\/wp-json\/wp\/v2\/media?parent=1433"}],"curies":[{"name":"wp","href":"https:\/\/api.w.org\/{rel}","templated":true}]}}